{"id":43,"date":"2018-01-29T21:40:22","date_gmt":"2018-01-29T21:40:22","guid":{"rendered":"http:\/\/ingravallolatino-events.com\/?page_id=43"},"modified":"2018-01-29T21:50:14","modified_gmt":"2018-01-29T21:50:14","slug":"impresum","status":"publish","type":"page","link":"https:\/\/ingravallolatino-events.com\/?page_id=43","title":{"rendered":"Impressum"},"content":{"rendered":"<p class=\"Stil2\">F\u00fcr s\u00e4mtiche Inhale verantwortlich<\/p>\n<p>Ingravallo Latino\u00a0 Events<br \/>\nCharlottenstrasse 65<br \/>\n30449 Hannover<\/p>\n<p>Fon\u00a0 +49(0)178 -5312535<br \/>\nFax\u00a0 +49(0)511 -35393363<\/p>\n<p>Gesch\u00e4ftsf\u00fchrung: Gianni Ingravallo<br \/>\nUSt-IdNr gem\u00e4\u00df \u00a7 27 a Umsatzsteuergesetz: 84 570 436 923<\/p>\n<p>Trotz sorgf\u00e4ltiger inhaltlicher Kontrolle \u00fcbernehmen wir keine Haftung f\u00fcr die Inhalte externer Links. F\u00fcr den Inhalt der verlinkten Seiten sind ausschlie\u00dflich deren Betreiber verantwortlich.<\/p>\n","protected":false},"excerpt":{"rendered":"<p>F\u00fcr s\u00e4mtiche Inhale verantwortlich Ingravallo Latino\u00a0 Events Charlottenstrasse 65 30449 Hannover Fon\u00a0 +49(0)178 -5312535 Fax\u00a0 +49(0)511 -35393363 Gesch\u00e4ftsf\u00fchrung: Gianni Ingravallo USt-IdNr gem\u00e4\u00df \u00a7 27 a Umsatzsteuergesetz: 84 570 436 923 Trotz sorgf\u00e4ltiger inhaltlicher Kontrolle \u00fcbernehmen wir keine Haftung f\u00fcr die Inhalte externer Links. F\u00fcr den Inhalt der verlinkten Seiten sind ausschlie\u00dflich deren Betreiber verantwortlich.<\/p>\n","protected":false},"author":1,"featured_media":0,"parent":0,"menu_order":0,"comment_status":"closed","ping_status":"closed","template":"","meta":[],"_links":{"self":[{"href":"https:\/\/ingravallolatino-events.com\/index.php?rest_route=\/wp\/v2\/pages\/43"}],"collection":[{"href":"https:\/\/ingravallolatino-events.com\/index.php?rest_route=\/wp\/v2\/pages"}],"about":[{"href":"https:\/\/ingravallolatino-events.com\/index.php?rest_route=\/wp\/v2\/types\/page"}],"author":[{"embeddable":true,"href":"https:\/\/ingravallolatino-events.com\/index.php?rest_route=\/wp\/v2\/users\/1"}],"replies":[{"embeddable":true,"href":"https:\/\/ingravallolatino-events.com\/index.php?rest_route=%2Fwp%2Fv2%2Fcomments&post=43"}],"version-history":[{"count":4,"href":"https:\/\/ingravallolatino-events.com\/index.php?rest_route=\/wp\/v2\/pages\/43\/revisions"}],"predecessor-version":[{"id":55,"href":"https:\/\/ingravallolatino-events.com\/index.php?rest_route=\/wp\/v2\/pages\/43\/revisions\/55"}],"wp:attachment":[{"href":"https:\/\/ingravallolatino-events.com\/index.php?rest_route=%2Fwp%2Fv2%2Fmedia&parent=43"}],"curies":[{"name":"wp","href":"https:\/\/api.w.org\/{rel}","templated":true}]}}