{"id":12,"date":"2018-01-29T11:04:38","date_gmt":"2018-01-29T11:04:38","guid":{"rendered":"http:\/\/ingravallolatino-events.com\/?page_id=12"},"modified":"2018-01-29T11:27:32","modified_gmt":"2018-01-29T11:27:32","slug":"ueber-uns","status":"publish","type":"page","link":"https:\/\/ingravallolatino-events.com\/","title":{"rendered":"\u00dcber Uns"},"content":{"rendered":"<p class=\"Stil2\">Lateinamerikanisches und spanisches Flair f\u00fcr Sie und Ihre G\u00e4ste<\/p>\n<p class=\"Stil2\"><strong>Ingravallo-Latino Events gestaltet und realisiert karibische und spanische Events f\u00fcr Unternehmen und Privatpersonen.<\/strong><\/p>\n<p class=\"Stil2\">Wir machen Ihre Einladung zu einem einmaligem Erlebnis f\u00fcr Sie und Ihre G\u00e4ste.Von der Analyse bis zur Umsetzung arbeiten wir Hand in Hand mit Ihnen um Ihr Event zu einem unvergesslichen und magischen Moment zu machen. Mit einem Netzwerk von lateinamerkanischen\/spanischen K\u00fcnstlern und Caterern verm\u00f6gen wir kurzfristig Ihre Projekte unkompliziert, kreativ und kompetent umzusetzen.<\/p>\n","protected":false},"excerpt":{"rendered":"<p>Lateinamerikanisches und spanisches Flair f\u00fcr Sie und Ihre G\u00e4ste Ingravallo-Latino Events gestaltet und realisiert karibische und spanische Events f\u00fcr Unternehmen und Privatpersonen. Wir machen Ihre Einladung zu einem einmaligem Erlebnis f\u00fcr Sie und Ihre G\u00e4ste.Von der Analyse bis zur Umsetzung arbeiten wir Hand in Hand mit Ihnen um Ihr Event zu einem unvergesslichen und magischen Moment zu machen. Mit einem Netzwerk von lateinamerkanischen\/spanischen K\u00fcnstlern und Caterern verm\u00f6gen wir kurzfristig Ihre Projekte unkompliziert, kreativ und kompetent umzusetzen.<\/p>\n","protected":false},"author":1,"featured_media":0,"parent":0,"menu_order":0,"comment_status":"closed","ping_status":"closed","template":"","meta":[],"_links":{"self":[{"href":"https:\/\/ingravallolatino-events.com\/index.php?rest_route=\/wp\/v2\/pages\/12"}],"collection":[{"href":"https:\/\/ingravallolatino-events.com\/index.php?rest_route=\/wp\/v2\/pages"}],"about":[{"href":"https:\/\/ingravallolatino-events.com\/index.php?rest_route=\/wp\/v2\/types\/page"}],"author":[{"embeddable":true,"href":"https:\/\/ingravallolatino-events.com\/index.php?rest_route=\/wp\/v2\/users\/1"}],"replies":[{"embeddable":true,"href":"https:\/\/ingravallolatino-events.com\/index.php?rest_route=%2Fwp%2Fv2%2Fcomments&post=12"}],"version-history":[{"count":2,"href":"https:\/\/ingravallolatino-events.com\/index.php?rest_route=\/wp\/v2\/pages\/12\/revisions"}],"predecessor-version":[{"id":29,"href":"https:\/\/ingravallolatino-events.com\/index.php?rest_route=\/wp\/v2\/pages\/12\/revisions\/29"}],"wp:attachment":[{"href":"https:\/\/ingravallolatino-events.com\/index.php?rest_route=%2Fwp%2Fv2%2Fmedia&parent=12"}],"curies":[{"name":"wp","href":"https:\/\/api.w.org\/{rel}","templated":true}]}}